{"id":83,"date":"2025-05-28T04:09:27","date_gmt":"2025-05-28T02:09:27","guid":{"rendered":"https:\/\/babyjemascotas.com\/?page_id=83"},"modified":"2025-05-28T06:02:22","modified_gmt":"2025-05-28T04:02:22","slug":"sistema-qr","status":"publish","type":"page","link":"https:\/\/babyjemascotas.com\/index.php\/sistema-qr\/","title":{"rendered":"SISTEMA QR"},"content":{"rendered":"<p>[et_pb_section fb_built=\u00bb1&#8243; next_background_color=\u00bb#ffffff\u00bb admin_label=\u00bbHeader\u00bb _builder_version=\u00bb4.16&#8243; background_color=\u00bb#efebdc\u00bb background_size=\u00bbcontain\u00bb background_position=\u00bbbottom_center\u00bb custom_padding=\u00bb||0px|||\u00bb bottom_divider_style=\u00bbwaves\u00bb bottom_divider_height=\u00bb22vw\u00bb bottom_divider_repeat=\u00bb0.7x\u00bb global_colors_info=\u00bb{}\u00bb][et_pb_row _builder_version=\u00bb4.16&#8243; custom_padding=\u00bb5vw||||false|false\u00bb global_colors_info=\u00bb{}\u00bb][et_pb_column type=\u00bb4_4&#8243; _builder_version=\u00bb4.16&#8243; global_colors_info=\u00bb{}\u00bb][et_pb_text _builder_version=\u00bb4.27.4&#8243; text_font=\u00bb||||||||\u00bb text_font_size=\u00bb20px\u00bb text_line_height=\u00bb1.8em\u00bb header_font=\u00bbAmatic SC|700|||||||\u00bb header_font_size=\u00bb130px\u00bb header_line_height=\u00bb1.2em\u00bb text_orientation=\u00bbcenter\u00bb max_width=\u00bb800px\u00bb module_alignment=\u00bbcenter\u00bb hover_enabled=\u00bb0&#8243; text_font_size_tablet=\u00bb\u00bb text_font_size_phone=\u00bb18px\u00bb text_font_size_last_edited=\u00bbon|phone\u00bb header_font_size_tablet=\u00bb80px\u00bb header_font_size_phone=\u00bb60px\u00bb header_font_size_last_edited=\u00bbon|phone\u00bb global_colors_info=\u00bb{}\u00bb sticky_enabled=\u00bb0&#8243;]<\/p>\n<h1>ACTIVA TU C\u00d3DIGO QR<\/h1>\n<p>Sigue los pasos a continuaci\u00f3n para activar tu c\u00f3digo QR<\/p>\n<p>[\/et_pb_text][\/et_pb_column][\/et_pb_row][et_pb_row column_structure=\u00bb1_3,1_3,1_3&#8243; _builder_version=\u00bb4.16&#8243; max_width=\u00bb1280px\u00bb custom_margin=\u00bb80px||80px||true|false\u00bb global_colors_info=\u00bb{}\u00bb][et_pb_column type=\u00bb1_3&#8243; _builder_version=\u00bb4.16&#8243; background_color=\u00bb#ffffff\u00bb overflow-x=\u00bbvisible\u00bb overflow-y=\u00bbvisible\u00bb custom_padding=\u00bb|30px|0px|30px|false|true\u00bb custom_padding_tablet=\u00bb||30px\u00bb custom_padding_phone=\u00bb\u00bb custom_padding_last_edited=\u00bbon|phone\u00bb hover_enabled=\u00bb0&#8243; border_radii=\u00bbon|60px|60px|60px|60px\u00bb global_colors_info=\u00bb{}\u00bb sticky_enabled=\u00bb0&#8243;][et_pb_image src=\u00bbhttps:\/\/babyjemascotas.com\/wp-content\/uploads\/2025\/05\/Fotografia-real-de-un-hermoso-cachorro-feliz-que-tenga-un-collar-con-una-placa-de-identificacion-met.jpeg\u00bb align=\u00bbcenter\u00bb _builder_version=\u00bb4.27.4&#8243; transform_rotate=\u00bb0deg|0deg|-10deg\u00bb custom_margin=\u00bb-60px||\u00bb custom_margin_tablet=\u00bb0px||||false|false\u00bb custom_margin_phone=\u00bb\u00bb custom_margin_last_edited=\u00bbon|desktop\u00bb hover_enabled=\u00bb0&#8243; border_radii=\u00bbon|65px|65px|65px|65px\u00bb box_shadow_style=\u00bbpreset3&#8243; box_shadow_horizontal=\u00bb26px\u00bb box_shadow_vertical=\u00bb26px\u00bb box_shadow_blur=\u00bb68px\u00bb box_shadow_spread=\u00bb-16px\u00bb global_colors_info=\u00bb{}\u00bb title_text=\u00bbFotografia real de un hermoso cachorro feliz que tenga un collar con una placa de identificaci\u00f3n met\u00bb sticky_enabled=\u00bb0&#8243;][\/et_pb_image][et_pb_text _builder_version=\u00bb4.27.4&#8243; text_font=\u00bb||||||||\u00bb text_line_height=\u00bb1.8em\u00bb header_font=\u00bb||||||||\u00bb header_3_font=\u00bbAmatic SC|700|||||||\u00bb header_3_font_size=\u00bb40px\u00bb header_3_line_height=\u00bb1.2em\u00bb custom_margin=\u00bb60px||\u00bb hover_enabled=\u00bb0&#8243; global_colors_info=\u00bb{}\u00bb text_text_align_tablet=\u00bbcenter\u00bb text_text_align_last_edited=\u00bbon|tablet\u00bb text_text_align_phone=\u00bbcenter\u00bb sticky_enabled=\u00bb0&#8243;]<\/p>\n<h3>PASO 1<\/h3>\n<div class=\"et_pb_blurb_description\">\n<p>Escanea el C\u00d3DIGO QR de la placa de tu mascota o bien ingresa el c\u00f3digo manualmente en nuestro formulario.<\/p>\n<\/div>\n<p>[\/et_pb_text][\/et_pb_column][et_pb_column type=\u00bb1_3&#8243; _builder_version=\u00bb4.16&#8243; background_color=\u00bb#ffffff\u00bb transform_scale_tablet=\u00bb\u00bb transform_scale_phone=\u00bb\u00bb transform_scale_last_edited=\u00bbon|desktop\u00bb transform_translate=\u00bb0px|48px\u00bb transform_translate_tablet=\u00bb0px|0px\u00bb transform_translate_phone=\u00bb\u00bb transform_translate_last_edited=\u00bbon|tablet\u00bb transform_translate_linked=\u00bboff\u00bb transform_rotate_tablet=\u00bb\u00bb transform_rotate_phone=\u00bb\u00bb transform_rotate_last_edited=\u00bbon|desktop\u00bb transform_skew_tablet=\u00bb\u00bb transform_skew_phone=\u00bb\u00bb transform_skew_last_edited=\u00bbon|desktop\u00bb transform_origin_tablet=\u00bb\u00bb transform_origin_phone=\u00bb\u00bb transform_origin_last_edited=\u00bbon|desktop\u00bb transform_styles_last_edited=\u00bbon|tablet\u00bb overflow-x=\u00bbvisible\u00bb overflow-y=\u00bbvisible\u00bb custom_padding=\u00bb|30px|0px|30px|false|true\u00bb custom_padding_tablet=\u00bb||30px\u00bb custom_padding_phone=\u00bb\u00bb custom_padding_last_edited=\u00bbon|desktop\u00bb transform_styles_tablet=\u00bb\u00bb transform_styles_phone=\u00bb\u00bb border_radii=\u00bbon|60px|60px|60px|60px\u00bb global_colors_info=\u00bb{}\u00bb][et_pb_image src=\u00bbhttps:\/\/babyjemascotas.com\/wp-content\/uploads\/2025\/05\/Fotografia-real-de-un-hermoso-cachorro-feliz-que-tenga-un-collar-con-una-placa-de-identificacion-met-3-1.jpeg\u00bb align=\u00bbcenter\u00bb _builder_version=\u00bb4.27.4&#8243; transform_rotate=\u00bb0deg|0deg|10deg\u00bb custom_margin=\u00bb-60px||\u00bb custom_margin_tablet=\u00bb0px||||false|false\u00bb custom_margin_phone=\u00bb\u00bb custom_margin_last_edited=\u00bbon|desktop\u00bb hover_enabled=\u00bb0&#8243; border_radii=\u00bbon|65px|65px|65px|65px\u00bb box_shadow_style=\u00bbpreset3&#8243; box_shadow_horizontal=\u00bb26px\u00bb box_shadow_vertical=\u00bb26px\u00bb box_shadow_blur=\u00bb68px\u00bb box_shadow_spread=\u00bb-16px\u00bb global_colors_info=\u00bb{}\u00bb title_text=\u00bbFotografia real de un hermoso cachorro feliz que tenga un collar con una placa de identificaci\u00f3n met-3 (1)\u00bb sticky_enabled=\u00bb0&#8243;][\/et_pb_image][et_pb_text _builder_version=\u00bb4.27.4&#8243; text_font=\u00bb||||||||\u00bb text_line_height=\u00bb1.8em\u00bb header_font=\u00bb||||||||\u00bb header_3_font=\u00bbAmatic SC|700|||||||\u00bb header_3_font_size=\u00bb40px\u00bb header_3_line_height=\u00bb1.2em\u00bb custom_margin=\u00bb60px||\u00bb global_colors_info=\u00bb{}\u00bb text_text_align_tablet=\u00bbcenter\u00bb text_text_align_last_edited=\u00bbon|tablet\u00bb text_text_align_phone=\u00bbcenter\u00bb]<\/p>\n<h3>PASO 2<\/h3>\n<p><span>Completa la informaci\u00f3n de tu mascota, tus datos de contacto y genera una contrase\u00f1a segura!<\/span><\/p>\n<p>[\/et_pb_text][\/et_pb_column][et_pb_column type=\u00bb1_3&#8243; _builder_version=\u00bb4.16&#8243; background_color=\u00bb#ffffff\u00bb transform_scale_tablet=\u00bb\u00bb transform_scale_phone=\u00bb\u00bb transform_scale_last_edited=\u00bbon|desktop\u00bb transform_translate=\u00bb0px|-48px\u00bb transform_translate_tablet=\u00bb0px|0px\u00bb transform_translate_phone=\u00bb\u00bb transform_translate_last_edited=\u00bbon|tablet\u00bb transform_translate_linked=\u00bboff\u00bb transform_rotate_tablet=\u00bb\u00bb transform_rotate_phone=\u00bb\u00bb transform_rotate_last_edited=\u00bbon|desktop\u00bb transform_skew_tablet=\u00bb\u00bb transform_skew_phone=\u00bb\u00bb transform_skew_last_edited=\u00bbon|desktop\u00bb transform_origin_tablet=\u00bb\u00bb transform_origin_phone=\u00bb\u00bb transform_origin_last_edited=\u00bbon|desktop\u00bb transform_styles_last_edited=\u00bbon|tablet\u00bb overflow-x=\u00bbvisible\u00bb overflow-y=\u00bbvisible\u00bb custom_padding=\u00bb|30px|0px|30px|false|true\u00bb custom_padding_tablet=\u00bb||30px\u00bb custom_padding_phone=\u00bb\u00bb custom_padding_last_edited=\u00bbon|desktop\u00bb transform_styles_tablet=\u00bb\u00bb transform_styles_phone=\u00bb\u00bb border_radii=\u00bbon|60px|60px|60px|60px\u00bb global_colors_info=\u00bb{}\u00bb][et_pb_image src=\u00bbhttps:\/\/babyjemascotas.com\/wp-content\/uploads\/2025\/05\/Fotografia-real-de-un-hermoso-cachorro-feliz-que-tenga-un-collar-con-una-placa-de-identificacion-met-1.jpeg\u00bb align=\u00bbcenter\u00bb _builder_version=\u00bb4.27.4&#8243; transform_rotate=\u00bb0deg|0deg|3deg\u00bb custom_margin=\u00bb-60px||\u00bb custom_margin_tablet=\u00bb0px||||false|false\u00bb custom_margin_phone=\u00bb\u00bb custom_margin_last_edited=\u00bbon|desktop\u00bb hover_enabled=\u00bb0&#8243; border_radii=\u00bbon|65px|65px|65px|65px\u00bb box_shadow_style=\u00bbpreset3&#8243; box_shadow_horizontal=\u00bb26px\u00bb box_shadow_vertical=\u00bb26px\u00bb box_shadow_blur=\u00bb68px\u00bb box_shadow_spread=\u00bb-16px\u00bb global_colors_info=\u00bb{}\u00bb title_text=\u00bbFotografia real de un hermoso cachorro feliz que tenga un collar con una placa de identificaci\u00f3n met-1&#8243; sticky_enabled=\u00bb0&#8243;][\/et_pb_image][et_pb_text _builder_version=\u00bb4.27.4&#8243; text_font=\u00bb||||||||\u00bb text_line_height=\u00bb1.8em\u00bb header_font=\u00bb||||||||\u00bb header_3_font=\u00bbAmatic SC|700|||||||\u00bb header_3_font_size=\u00bb40px\u00bb header_3_line_height=\u00bb1.2em\u00bb custom_margin=\u00bb60px||\u00bb hover_enabled=\u00bb0&#8243; global_colors_info=\u00bb{}\u00bb text_text_align_tablet=\u00bbcenter\u00bb text_text_align_last_edited=\u00bbon|tablet\u00bb text_text_align_phone=\u00bbcenter\u00bb sticky_enabled=\u00bb0&#8243;]<\/p>\n<h3>TODO LISTO<\/h3>\n<p><span>La placa de identificaci\u00f3n de tu mascota al escanear al QR ya muestra toda la informaci\u00f3n y tus datos de contacto!<\/span><\/p>\n<p>[\/et_pb_text][\/et_pb_column][\/et_pb_row][\/et_pb_section][et_pb_section fb_built=\u00bb1&#8243; admin_label=\u00bbFAQ\u00bb _builder_version=\u00bb4.16&#8243; background_enable_color=\u00bboff\u00bb use_background_color_gradient=\u00bbon\u00bb background_color_gradient_stops=\u00bb#ffffff 0%|#f6f3ea 100%\u00bb background_color_gradient_start=\u00bb#ffffff\u00bb background_color_gradient_end=\u00bb#f6f3ea\u00bb background_size=\u00bbcontain\u00bb background_position=\u00bbbottom_center\u00bb custom_padding=\u00bb||0px|||\u00bb global_colors_info=\u00bb{}\u00bb][et_pb_row column_structure=\u00bb1_2,1_2&#8243; _builder_version=\u00bb4.16&#8243; global_colors_info=\u00bb{}\u00bb][et_pb_column type=\u00bb1_2&#8243; _builder_version=\u00bb4.16&#8243; background_image=\u00bbhttps:\/\/babyjemascotas.com\/wp-content\/uploads\/2025\/05\/dog-walker-34.png\u00bb background_size=\u00bbcontain\u00bb transform_scale_tablet=\u00bb80%|80%\u00bb transform_scale_phone=\u00bb\u00bb transform_scale_last_edited=\u00bbon|tablet\u00bb transform_translate=\u00bb-75px|75px\u00bb transform_translate_tablet=\u00bb-35px|-5px\u00bb transform_translate_phone=\u00bb-55px|-5px\u00bb transform_translate_last_edited=\u00bbon|phone\u00bb transform_translate_linked=\u00bboff\u00bb transform_rotate_tablet=\u00bb\u00bb transform_rotate_phone=\u00bb\u00bb transform_rotate_last_edited=\u00bbon|desktop\u00bb transform_skew_tablet=\u00bb\u00bb transform_skew_phone=\u00bb\u00bb transform_skew_last_edited=\u00bbon|desktop\u00bb transform_origin_tablet=\u00bb\u00bb transform_origin_phone=\u00bb\u00bb transform_origin_last_edited=\u00bbon|desktop\u00bb transform_styles_last_edited=\u00bbon|phone\u00bb transform_styles_tablet=\u00bb\u00bb transform_styles_phone=\u00bb\u00bb global_colors_info=\u00bb{}\u00bb][et_pb_image src=\u00bbhttps:\/\/babyjemascotas.com\/wp-content\/uploads\/2025\/05\/Hermoso-golden-retriever-con-una-placa-en-su-collar-que-diga-SAKURA-1.jpg\u00bb _builder_version=\u00bb4.27.4&#8243; transform_translate=\u00bb111px|50px\u00bb custom_margin=\u00bb||||false|false\u00bb animation_style=\u00bbroll\u00bb animation_intensity_roll=\u00bb5%\u00bb hover_enabled=\u00bb0&#8243; border_radii=\u00bbon|50vw|50vw|50vw|50vw\u00bb border_color_all=\u00bb#efebdc\u00bb global_colors_info=\u00bb{}\u00bb title_text=\u00bbHermoso-golden-retriever-con-una-placa-en-su-collar-que-diga-SAKURA-1&#8243; sticky_enabled=\u00bb0&#8243;][\/et_pb_image][\/et_pb_column][et_pb_column type=\u00bb1_2&#8243; _builder_version=\u00bb4.16&#8243; global_colors_info=\u00bb{}\u00bb][et_pb_text _builder_version=\u00bb4.27.4&#8243; header_2_font=\u00bbAmatic SC|700|||||||\u00bb header_2_font_size=\u00bb80px\u00bb header_2_line_height=\u00bb1.2em\u00bb header_2_font_size_tablet=\u00bb60px\u00bb header_2_font_size_phone=\u00bb32px\u00bb header_2_font_size_last_edited=\u00bbon|phone\u00bb global_colors_info=\u00bb{}\u00bb]<\/p>\n<h2>Buscar perfil qr!<\/h2>\n<p>[\/et_pb_text][et_pb_code _builder_version=\u00bb4.27.4&#8243; _module_preset=\u00bbdefault\u00bb hover_enabled=\u00bb0&#8243; global_colors_info=\u00bb{}\u00bb sticky_enabled=\u00bb0&#8243;]<!-- templates\/search-form.php -->\r\n\r\n<div class=\"pet-search-container\">\r\n    <div class=\"card\">\r\n        <div class=\"card-header bg-primary text-white\">\r\n            <h2 class=\"h4 m-0\">Buscar perfil de mascota<\/h2>\r\n        <\/div>\r\n        <div class=\"card-body\">\r\n            <p class=\"mb-4\">Ingresa el c\u00f3digo que aparece en la placa de la mascota para acceder a su informaci\u00f3n.<\/p>\r\n            \r\n            <form id=\"pet-search-form\" class=\"row g-3 align-items-center\">\r\n                <div class=\"col-md-8\">\r\n                    <label for=\"pet_code\" class=\"visually-hidden\">C\u00f3digo de la mascota<\/label>\r\n                    <input type=\"text\" class=\"form-control form-control-lg\" id=\"pet_code\" name=\"pet_code\" placeholder=\"Ingresa el c\u00f3digo (ej: 00001)\" required>\r\n                <\/div>\r\n                <div class=\"col-md-4\">\r\n                    <button type=\"submit\" class=\"btn btn-primary btn-lg w-100\">Buscar mascota<\/button>\r\n                <\/div>\r\n            <\/form>\r\n            \r\n            <div id=\"search-results\" class=\"mt-4\"><\/div>\r\n        <\/div>\r\n    <\/div>\r\n<\/div>[\/et_pb_code][\/et_pb_column][\/et_pb_row][\/et_pb_section][et_pb_section fb_built=\u00bb1&#8243; admin_label=\u00bbFooter\u00bb _builder_version=\u00bb4.16&#8243; use_background_color_gradient=\u00bbon\u00bb background_color_gradient_stops=\u00bb#f6f3ea 0%|#f4f1e7 100%\u00bb background_color_gradient_start=\u00bb#f6f3ea\u00bb background_color_gradient_end=\u00bb#f4f1e7&#8243; custom_padding=\u00bb||0px|||\u00bb global_colors_info=\u00bb{}\u00bb][\/et_pb_section]<\/p>\n","protected":false},"excerpt":{"rendered":"<p>ACTIVA TU C\u00d3DIGO QR Sigue los pasos a continuaci\u00f3n para activar tu c\u00f3digo QRPASO 1 Escanea el C\u00d3DIGO QR de la placa de tu mascota o bien ingresa el c\u00f3digo manualmente en nuestro formulario. PASO 2 Completa la informaci\u00f3n de tu mascota, tus datos de contacto y genera una contrase\u00f1a segura!TODO LISTO La placa de [&hellip;]<\/p>\n","protected":false},"author":1,"featured_media":0,"parent":0,"menu_order":0,"comment_status":"closed","ping_status":"closed","template":"","meta":{"_et_pb_use_builder":"on","_et_pb_old_content":"","_et_gb_content_width":"","footnotes":""},"class_list":["post-83","page","type-page","status-publish","hentry"],"_links":{"self":[{"href":"https:\/\/babyjemascotas.com\/index.php\/wp-json\/wp\/v2\/pages\/83","targetHints":{"allow":["GET"]}}],"collection":[{"href":"https:\/\/babyjemascotas.com\/index.php\/wp-json\/wp\/v2\/pages"}],"about":[{"href":"https:\/\/babyjemascotas.com\/index.php\/wp-json\/wp\/v2\/types\/page"}],"author":[{"embeddable":true,"href":"https:\/\/babyjemascotas.com\/index.php\/wp-json\/wp\/v2\/users\/1"}],"replies":[{"embeddable":true,"href":"https:\/\/babyjemascotas.com\/index.php\/wp-json\/wp\/v2\/comments?post=83"}],"version-history":[{"count":10,"href":"https:\/\/babyjemascotas.com\/index.php\/wp-json\/wp\/v2\/pages\/83\/revisions"}],"predecessor-version":[{"id":106,"href":"https:\/\/babyjemascotas.com\/index.php\/wp-json\/wp\/v2\/pages\/83\/revisions\/106"}],"wp:attachment":[{"href":"https:\/\/babyjemascotas.com\/index.php\/wp-json\/wp\/v2\/media?parent=83"}],"curies":[{"name":"wp","href":"https:\/\/api.w.org\/{rel}","templated":true}]}}