{"id":59,"date":"2025-05-28T01:33:52","date_gmt":"2025-05-27T23:33:52","guid":{"rendered":"https:\/\/babyjemascotas.com\/?page_id=59"},"modified":"2025-05-28T06:25:15","modified_gmt":"2025-05-28T04:25:15","slug":"home","status":"publish","type":"page","link":"https:\/\/babyjemascotas.com\/index.php\/home\/","title":{"rendered":"COMO FUNCIONA"},"content":{"rendered":"<p>[et_pb_section fb_built=\u00bb1&#8243; custom_padding_last_edited=\u00bbon|phone\u00bb admin_label=\u00bbHeader\u00bb _builder_version=\u00bb4.16&#8243; background_color=\u00bb#efebdc\u00bb background_image=\u00bbhttps:\/\/babyjemascotas.com\/wp-content\/uploads\/2025\/05\/dog-walker-39.png\u00bb background_size=\u00bbcontain\u00bb background_position=\u00bbbottom_center\u00bb overflow-x=\u00bbhidden\u00bb overflow-y=\u00bbhidden\u00bb custom_padding=\u00bb||5vw||false|false\u00bb custom_padding_tablet=\u00bb\u00bb custom_padding_phone=\u00bb||80px||false|false\u00bb global_colors_info=\u00bb{}\u00bb][et_pb_row column_structure=\u00bb1_2,1_2&#8243; _builder_version=\u00bb4.16&#8243; global_colors_info=\u00bb{}\u00bb][et_pb_column type=\u00bb1_2&#8243; _builder_version=\u00bb4.16&#8243; global_colors_info=\u00bb{}\u00bb][et_pb_text _builder_version=\u00bb4.27.4&#8243; text_font=\u00bb||||||||\u00bb text_font_size=\u00bb24px\u00bb text_line_height=\u00bb1.8em\u00bb header_font=\u00bbAmatic SC|700|||||||\u00bb header_font_size=\u00bb130px\u00bb header_line_height=\u00bb1.2em\u00bb text_font_size_tablet=\u00bb\u00bb text_font_size_phone=\u00bb22px\u00bb text_font_size_last_edited=\u00bbon|desktop\u00bb header_font_size_tablet=\u00bb80px\u00bb header_font_size_phone=\u00bb60px\u00bb header_font_size_last_edited=\u00bbon|phone\u00bb global_colors_info=\u00bb{}\u00bb]<\/p>\n<h1><span>\u00bf<\/span>COMO FUNCIONA<span>?<\/span><\/h1>\n<p>QR para Identificaci\u00f3n de Mascotas<\/p>\n<p>[\/et_pb_text][\/et_pb_column][et_pb_column type=\u00bb1_2&#8243; _builder_version=\u00bb4.16&#8243; global_colors_info=\u00bb{}\u00bb][et_pb_image src=\u00bbhttps:\/\/babyjemascotas.com\/wp-content\/uploads\/2025\/05\/Fotografia-real-de-un-hermoso-cachorro-feliz-que-tenga-un-collar-con-una-placa-de-identificacion-met.jpeg\u00bb title_text=\u00bbFotografia real de un hermoso cachorro feliz que tenga un collar con una placa de identificaci\u00f3n met\u00bb align=\u00bbright\u00bb align_tablet=\u00bb\u00bb align_phone=\u00bbleft\u00bb align_last_edited=\u00bbon|desktop\u00bb _builder_version=\u00bb4.27.4&#8243; transform_scale_tablet=\u00bb\u00bb transform_scale_phone=\u00bb100%|100%\u00bb transform_scale_last_edited=\u00bbon|phone\u00bb transform_translate=\u00bb0px|53px\u00bb transform_translate_tablet=\u00bb\u00bb transform_translate_phone=\u00bb\u00bb transform_translate_last_edited=\u00bbon|desktop\u00bb transform_translate_linked_tablet=\u00bboff\u00bb transform_rotate=\u00bb0deg|0deg|-15deg\u00bb transform_rotate_tablet=\u00bb\u00bb transform_rotate_phone=\u00bb0deg|0deg|0deg\u00bb transform_rotate_last_edited=\u00bbon|desktop\u00bb transform_skew_tablet=\u00bb\u00bb transform_skew_phone=\u00bb\u00bb transform_skew_last_edited=\u00bbon|desktop\u00bb transform_origin=\u00bb-30%|35%\u00bb transform_origin_tablet=\u00bb\u00bb transform_origin_phone=\u00bb\u00bb transform_origin_last_edited=\u00bbon|desktop\u00bb transform_styles_last_edited=\u00bbon|phone\u00bb max_width_tablet=\u00bb70%\u00bb max_width_phone=\u00bb100%\u00bb max_width_last_edited=\u00bbon|phone\u00bb custom_margin=\u00bb-6vw|-10vw|||false|false\u00bb custom_margin_tablet=\u00bb||||false|false\u00bb custom_margin_phone=\u00bb\u00bb custom_margin_last_edited=\u00bbon|desktop\u00bb animation_style=\u00bbslide\u00bb animation_direction=\u00bbright\u00bb animation_intensity_slide=\u00bb5%\u00bb transform_styles_tablet=\u00bb\u00bb transform_styles_phone=\u00bb\u00bb border_radii=\u00bbon|12vw|12vw|12vw|12vw\u00bb border_width_all=\u00bb6vw\u00bb border_color_all=\u00bb#e0dbc9&#8243; box_shadow_style=\u00bbpreset3&#8243; box_shadow_blur=\u00bb10vw\u00bb global_colors_info=\u00bb{}\u00bb][\/et_pb_image][\/et_pb_column][\/et_pb_row][et_pb_row column_structure=\u00bb1_3,1_3,1_3&#8243; _builder_version=\u00bb4.27.4&#8243; _module_preset=\u00bbdefault\u00bb global_colors_info=\u00bb{}\u00bb][et_pb_column type=\u00bb1_3&#8243; _builder_version=\u00bb4.27.4&#8243; _module_preset=\u00bbdefault\u00bb global_colors_info=\u00bb{}\u00bb][et_pb_text _builder_version=\u00bb4.27.4&#8243; _module_preset=\u00bbdefault\u00bb global_colors_info=\u00bb{}\u00bb]<\/p>\n<h2><strong>ELIGE TU PRODUCTO<\/strong><\/h2>\n<h5 class=\"et_pb_module_header\"><\/h5>\n<div class=\"et_pb_blurb_description\">\n<p style=\"text-align: justify;\">Contamos con una amplia variedad de correas, collares y placas de identificaci\u00f3n para tus mascotas! Escoge y personaliza el que m\u00e1s te guste y mejor se adapte a tu mascota!<\/p>\n<\/div>\n<p>[\/et_pb_text][\/et_pb_column][et_pb_column type=\u00bb1_3&#8243; _builder_version=\u00bb4.27.4&#8243; _module_preset=\u00bbdefault\u00bb global_colors_info=\u00bb{}\u00bb][et_pb_text _builder_version=\u00bb4.27.4&#8243; _module_preset=\u00bbdefault\u00bb hover_enabled=\u00bb0&#8243; global_colors_info=\u00bb{}\u00bb sticky_enabled=\u00bb0&#8243;]<\/p>\n<h2 class=\"et_pb_module_header\"><strong>REGISTRA EL QR<\/strong><\/h2>\n<div class=\"et_pb_blurb_description\">\n<p>Todos nuestros QR impresos estan listos para ser registrados en nuestro sistema, ingresas el c\u00f3digo y cargas los datos de tu mascota y tu contacto.<\/p>\n<\/div>\n<p>[\/et_pb_text][\/et_pb_column][et_pb_column type=\u00bb1_3&#8243; _builder_version=\u00bb4.27.4&#8243; _module_preset=\u00bbdefault\u00bb global_colors_info=\u00bb{}\u00bb][et_pb_text _builder_version=\u00bb4.27.4&#8243; _module_preset=\u00bbdefault\u00bb hover_enabled=\u00bb0&#8243; global_colors_info=\u00bb{}\u00bb sticky_enabled=\u00bb0&#8243;]<\/p>\n<h2 class=\"et_pb_module_header\"><strong>LISTO PARA USAR<\/strong><\/h2>\n<div class=\"et_pb_blurb_description\">\n<p>Una vez registrado el QR en nuestro sistema la Placa de identificaci\u00f3n de tu mascota mostrara al escanear su QR toda la informaci\u00f3n veterinaria, su nombre, y tus datos de contacto en caso de extravio.<\/p>\n<\/div>\n<p>[\/et_pb_text][\/et_pb_column][\/et_pb_row][\/et_pb_section][et_pb_section fb_built=\u00bb1&#8243; admin_label=\u00bbAbout\u00bb _builder_version=\u00bb4.16&#8243; background_color=\u00bb#efebdc\u00bb custom_padding=\u00bb||||false|false\u00bb bottom_divider_style=\u00bbwaves\u00bb bottom_divider_color=\u00bb#faf9f4&#8243; bottom_divider_height=\u00bb7vw\u00bb global_colors_info=\u00bb{}\u00bb][et_pb_row column_structure=\u00bb1_2,1_2&#8243; make_equal=\u00bbon\u00bb _builder_version=\u00bb4.16&#8243; background_enable_image=\u00bboff\u00bb global_colors_info=\u00bb{}\u00bb][et_pb_column type=\u00bb1_2&#8243; _builder_version=\u00bb4.16&#8243; background_enable_image=\u00bboff\u00bb background_size=\u00bbcontain\u00bb background_position=\u00bbbottom_center\u00bb global_colors_info=\u00bb{}\u00bb][et_pb_text _builder_version=\u00bb4.16&#8243; header_2_font=\u00bbAmatic SC|700|||||||\u00bb header_2_font_size=\u00bb80px\u00bb header_2_line_height=\u00bb1.2em\u00bb header_2_font_size_tablet=\u00bb60px\u00bb header_2_font_size_phone=\u00bb32px\u00bb header_2_font_size_last_edited=\u00bbon|phone\u00bb global_colors_info=\u00bb{}\u00bb]<\/p>\n<h2>brinda seguridad a tu mascota con elegancia y estilo<\/h2>\n<p>[\/et_pb_text][\/et_pb_column][et_pb_column type=\u00bb1_2&#8243; _builder_version=\u00bb4.16&#8243; global_colors_info=\u00bb{}\u00bb][et_pb_text _builder_version=\u00bb4.27.4&#8243; text_font=\u00bb||||||||\u00bb text_font_size=\u00bb16px\u00bb text_line_height=\u00bb1.8em\u00bb global_colors_info=\u00bb{}\u00bb]Imagina la tranquilidad de saber que tu mascota siempre est\u00e1 protegida, incluso cuando no est\u00e1 a tu lado. Con nuestro innovador c\u00f3digo QR, cada etiqueta de identificaci\u00f3n se convierte en un salvavidas que conecta a quienes encuentren a tu peludo amigo con toda la informaci\u00f3n necesaria para devolverlo a casa. Al escanear el c\u00f3digo, podr\u00e1n acceder de inmediato a datos importantes como su nombre, raza y, lo m\u00e1s esencial, tus contactos. As\u00ed, en un instante, puedes traer de vuelta a tu compa\u00f1ero favorito, sin estr\u00e9s ni preocupaciones. Puede que un d\u00eda un extra\u00f1o tenga en sus manos el destino de tu mascota, y con un simple escaneo, la seguridad de tu mejor amigo queda en buenas manos.[\/et_pb_text][\/et_pb_column][\/et_pb_row][et_pb_row column_structure=\u00bb1_2,1_2&#8243; _builder_version=\u00bb4.16&#8243; global_colors_info=\u00bb{}\u00bb][et_pb_column type=\u00bb1_2&#8243; _builder_version=\u00bb4.16&#8243; background_color=\u00bb#ee6a5b\u00bb transform_scale=\u00bb76%|76%\u00bb transform_scale_tablet=\u00bb\u00bb transform_scale_phone=\u00bb\u00bb transform_scale_last_edited=\u00bbon|desktop\u00bb transform_translate=\u00bb0px|-190px\u00bb transform_translate_tablet=\u00bb0px|0px\u00bb transform_translate_phone=\u00bb\u00bb transform_translate_last_edited=\u00bbon|phone\u00bb transform_translate_linked=\u00bboff\u00bb transform_rotate=\u00bb0deg|0deg|45deg\u00bb transform_rotate_tablet=\u00bb\u00bb transform_rotate_phone=\u00bb\u00bb transform_rotate_last_edited=\u00bbon|desktop\u00bb transform_skew_tablet=\u00bb\u00bb transform_skew_phone=\u00bb\u00bb transform_skew_last_edited=\u00bbon|desktop\u00bb transform_origin_tablet=\u00bb\u00bb transform_origin_phone=\u00bb\u00bb transform_origin_last_edited=\u00bbon|desktop\u00bb transform_styles_last_edited=\u00bbon|phone\u00bb overflow-x=\u00bbvisible\u00bb overflow-y=\u00bbvisible\u00bb transform_styles_tablet=\u00bb\u00bb transform_styles_phone=\u00bb\u00bb border_radii=\u00bbon|90px|90px|90px|90px\u00bb global_colors_info=\u00bb{}\u00bb][et_pb_image src=\u00bbhttps:\/\/babyjemascotas.com\/wp-content\/uploads\/2025\/05\/Fotografia-real-de-un-hermoso-cachorro-feliz-que-tenga-un-collar-con-una-placa-de-identificacion-met-2.jpeg\u00bb title_text=\u00bbFotografia real de un hermoso cachorro feliz que tenga un collar con una placa de identificaci\u00f3n met-2&#8243; _builder_version=\u00bb4.27.4&#8243; transform_scale=\u00bb105%|105%\u00bb transform_scale_tablet=\u00bb\u00bb transform_scale_phone=\u00bb\u00bb transform_scale_last_edited=\u00bbon|desktop\u00bb transform_translate=\u00bb64px|-52px\u00bb transform_translate_tablet=\u00bb\u00bb transform_translate_phone=\u00bb\u00bb transform_translate_last_edited=\u00bbon|desktop\u00bb transform_translate_linked=\u00bboff\u00bb transform_rotate=\u00bb0deg|0deg|314deg\u00bb transform_rotate_tablet=\u00bb\u00bb transform_rotate_phone=\u00bb\u00bb transform_rotate_last_edited=\u00bbon|tablet\u00bb transform_skew_tablet=\u00bb\u00bb transform_skew_phone=\u00bb\u00bb transform_skew_last_edited=\u00bbon|desktop\u00bb transform_origin_tablet=\u00bb\u00bb transform_origin_phone=\u00bb\u00bb transform_origin_last_edited=\u00bbon|desktop\u00bb transform_styles_last_edited=\u00bbon|desktop\u00bb custom_margin=\u00bb||||false|false\u00bb animation_style=\u00bbzoom\u00bb animation_intensity_zoom=\u00bb5%\u00bb transform_styles_tablet=\u00bb\u00bb transform_styles_phone=\u00bb\u00bb border_radii=\u00bbon|110px|110px|110px|110px\u00bb box_shadow_style=\u00bbpreset3&#8243; box_shadow_horizontal=\u00bb26px\u00bb box_shadow_vertical=\u00bb26px\u00bb box_shadow_blur=\u00bb68px\u00bb box_shadow_spread=\u00bb-16px\u00bb global_colors_info=\u00bb{}\u00bb][\/et_pb_image][\/et_pb_column][et_pb_column type=\u00bb1_2&#8243; _builder_version=\u00bb4.16&#8243; global_colors_info=\u00bb{}\u00bb][et_pb_image src=\u00bbhttps:\/\/babyjemascotas.com\/wp-content\/uploads\/2025\/05\/Hermoso-golden-retriever-con-una-placa-en-su-collar-que-diga-SAKURA-1.jpeg\u00bb title_text=\u00bbHermoso golden retriever con una placa en su collar que diga SAKURA-1&#8243; _builder_version=\u00bb4.27.4&#8243; custom_margin=\u00bb80px||||false|false\u00bb custom_margin_tablet=\u00bb0px||||false|false\u00bb custom_margin_phone=\u00bb\u00bb custom_margin_last_edited=\u00bbon|tablet\u00bb animation_style=\u00bbroll\u00bb animation_intensity_roll=\u00bb5%\u00bb border_radii=\u00bbon|50vw|50vw|50vw|50vw\u00bb border_color_all=\u00bb#000000&#8243; global_colors_info=\u00bb{}\u00bb][\/et_pb_image][\/et_pb_column][\/et_pb_row][\/et_pb_section][et_pb_section fb_built=\u00bb1&#8243; admin_label=\u00bbAbout\u00bb _builder_version=\u00bb4.16&#8243; use_background_color_gradient=\u00bbon\u00bb background_color_gradient_stops=\u00bb#faf9f4 0%|#f6f3ea 100%\u00bb background_color_gradient_start=\u00bb#faf9f4&#8243; background_color_gradient_end=\u00bb#f6f3ea\u00bb custom_padding=\u00bb||||false|false\u00bb global_colors_info=\u00bb{}\u00bb][et_pb_row custom_padding_last_edited=\u00bbon|desktop\u00bb _builder_version=\u00bb4.16&#8243; background_color=\u00bb#ffffff\u00bb width_tablet=\u00bb\u00bb width_phone=\u00bb90%\u00bb width_last_edited=\u00bbon|desktop\u00bb overflow-x=\u00bbvisible\u00bb overflow-y=\u00bbvisible\u00bb custom_padding=\u00bb60px|40px|60px|40px|true|true\u00bb custom_padding_tablet=\u00bb\u00bb custom_padding_phone=\u00bb|30px||30px|false|true\u00bb border_radii=\u00bbon|40px|40px|40px|40px\u00bb box_shadow_style=\u00bbpreset3&#8243; box_shadow_horizontal=\u00bb16px\u00bb box_shadow_vertical=\u00bb16px\u00bb box_shadow_blur=\u00bb48px\u00bb box_shadow_spread=\u00bb-8px\u00bb box_shadow_color=\u00bbrgba(0,0,0,0.19)\u00bb locked=\u00bboff\u00bb global_colors_info=\u00bb{}\u00bb][et_pb_column type=\u00bb4_4&#8243; _builder_version=\u00bb4.16&#8243; global_colors_info=\u00bb{}\u00bb][et_pb_text _builder_version=\u00bb4.27.4&#8243; text_font=\u00bb||||||||\u00bb text_font_size=\u00bb18px\u00bb text_line_height=\u00bb2em\u00bb header_font=\u00bb||||||||\u00bb header_2_font=\u00bbAmatic SC|700|||||||\u00bb header_2_font_size=\u00bb42px\u00bb header_2_line_height=\u00bb1.2em\u00bb text_orientation=\u00bbcenter\u00bb module_alignment=\u00bbcenter\u00bb text_font_size_tablet=\u00bb\u00bb text_font_size_phone=\u00bb16px\u00bb text_font_size_last_edited=\u00bbon|desktop\u00bb header_2_font_size_tablet=\u00bb\u00bb header_2_font_size_phone=\u00bb32px\u00bb header_2_font_size_last_edited=\u00bbon|desktop\u00bb global_colors_info=\u00bb{}\u00bb]<\/p>\n<h2 class=\"content_page_heading\">\u00bfQu\u00e9 es un c\u00f3digo QR de etiqueta de identificaci\u00f3n de mascota?<\/h2>\n<p class=\"gt-block content_page_desc\">Una etiqueta de identificaci\u00f3n para mascotas, tambi\u00e9n conocida como placa para perros con c\u00f3digo QR, es una forma inteligente de garantizar la seguridad de su mascota. Cuando alguien escanea el c\u00f3digo QR, se le redirige instant\u00e1neamente a una p\u00e1gina que contiene toda la informaci\u00f3n crucial sobre su mascota, incluido el estado de vacunaci\u00f3n, las alergias, el temperamento de la mascota y sus datos de contacto.<\/p>\n<p>[\/et_pb_text][\/et_pb_column][\/et_pb_row][\/et_pb_section][et_pb_section fb_built=\u00bb1&#8243; admin_label=\u00bbFooter\u00bb _builder_version=\u00bb4.16&#8243; use_background_color_gradient=\u00bbon\u00bb background_color_gradient_stops=\u00bb#f6f3ea 0%|#f4f1e7 100%\u00bb background_color_gradient_start=\u00bb#f6f3ea\u00bb background_color_gradient_end=\u00bb#f4f1e7&#8243; custom_padding=\u00bb43px||0px||false|false\u00bb global_colors_info=\u00bb{}\u00bb][et_pb_row custom_padding_last_edited=\u00bbon|desktop\u00bb _builder_version=\u00bb4.16&#8243; background_color=\u00bb#efebdc\u00bb width=\u00bb90%\u00bb width_tablet=\u00bb95%\u00bb width_phone=\u00bb\u00bb width_last_edited=\u00bbon|desktop\u00bb max_width=\u00bbnone\u00bb module_alignment=\u00bbright\u00bb overflow-x=\u00bbvisible\u00bb overflow-y=\u00bbvisible\u00bb custom_padding=\u00bb60px|10vw|5vw|40px|false|false\u00bb custom_padding_tablet=\u00bb|40px|||false|false\u00bb custom_padding_phone=\u00bb\u00bb border_radii=\u00bb|200px|||\u00bb border_radii_tablet=\u00bb|0px|||\u00bb border_radii_phone=\u00bb\u00bb border_radii_last_edited=\u00bbon|tablet\u00bb global_colors_info=\u00bb{}\u00bb][et_pb_column type=\u00bb4_4&#8243; _builder_version=\u00bb4.16&#8243; global_colors_info=\u00bb{}\u00bb][et_pb_text _builder_version=\u00bb4.27.4&#8243; text_font=\u00bb||||||||\u00bb text_font_size=\u00bb16px\u00bb text_line_height=\u00bb1.8em\u00bb header_font=\u00bb||||||||\u00bb header_2_font=\u00bbAmatic SC|700|||||||\u00bb header_2_font_size=\u00bb80px\u00bb header_2_line_height=\u00bb1.2em\u00bb text_orientation=\u00bbcenter\u00bb max_width=\u00bb700px\u00bb module_alignment=\u00bbcenter\u00bb header_2_font_size_tablet=\u00bb60px\u00bb header_2_font_size_phone=\u00bb32px\u00bb header_2_font_size_last_edited=\u00bbon|phone\u00bb global_colors_info=\u00bb{}\u00bb]<\/p>\n<h2>Protege a tu mascota<\/h2>\n<p style=\"text-align: justify;\"><span>1 de cada 3 mascotas se pierde cada a\u00f1o, no se arriesgue con la seguridad de su mascota. Proteja a su amigo peludo con una etiqueta de identificaci\u00f3n de mascota con c\u00f3digo QR. Es tan simple como colocarlo en su collar. Si se pierden, cualquiera puede escanear el c\u00f3digo para comunicarse contigo de inmediato. Esta sencilla soluci\u00f3n garantiza que su mascota llegue a casa de forma r\u00e1pida y segura. La tranquilidad est\u00e1 a solo un escaneo de distancia: \u00a1asegure la seguridad de su mascota hoy!<\/span><\/p>\n<p>[\/et_pb_text][\/et_pb_column][\/et_pb_row][\/et_pb_section]<\/p>\n","protected":false},"excerpt":{"rendered":"<p>\u00bfCOMO FUNCIONA? QR para Identificaci\u00f3n de MascotasELIGE TU PRODUCTO Contamos con una amplia variedad de correas, collares y placas de identificaci\u00f3n para tus mascotas! Escoge y personaliza el que m\u00e1s te guste y mejor se adapte a tu mascota! REGISTRA EL QR Todos nuestros QR impresos estan listos para ser registrados en nuestro sistema, ingresas [&hellip;]<\/p>\n","protected":false},"author":1,"featured_media":0,"parent":0,"menu_order":0,"comment_status":"closed","ping_status":"closed","template":"","meta":{"_et_pb_use_builder":"on","_et_pb_old_content":"","_et_gb_content_width":"","footnotes":""},"class_list":["post-59","page","type-page","status-publish","hentry"],"_links":{"self":[{"href":"https:\/\/babyjemascotas.com\/index.php\/wp-json\/wp\/v2\/pages\/59","targetHints":{"allow":["GET"]}}],"collection":[{"href":"https:\/\/babyjemascotas.com\/index.php\/wp-json\/wp\/v2\/pages"}],"about":[{"href":"https:\/\/babyjemascotas.com\/index.php\/wp-json\/wp\/v2\/types\/page"}],"author":[{"embeddable":true,"href":"https:\/\/babyjemascotas.com\/index.php\/wp-json\/wp\/v2\/users\/1"}],"replies":[{"embeddable":true,"href":"https:\/\/babyjemascotas.com\/index.php\/wp-json\/wp\/v2\/comments?post=59"}],"version-history":[{"count":8,"href":"https:\/\/babyjemascotas.com\/index.php\/wp-json\/wp\/v2\/pages\/59\/revisions"}],"predecessor-version":[{"id":107,"href":"https:\/\/babyjemascotas.com\/index.php\/wp-json\/wp\/v2\/pages\/59\/revisions\/107"}],"wp:attachment":[{"href":"https:\/\/babyjemascotas.com\/index.php\/wp-json\/wp\/v2\/media?parent=59"}],"curies":[{"name":"wp","href":"https:\/\/api.w.org\/{rel}","templated":true}]}}