{"id":10,"date":"2025-05-27T21:54:48","date_gmt":"2025-05-27T19:54:48","guid":{"rendered":"https:\/\/babyjemascotas.com\/?page_id=10"},"modified":"2025-05-28T06:29:11","modified_gmt":"2025-05-28T04:29:11","slug":"10-2","status":"publish","type":"page","link":"https:\/\/babyjemascotas.com\/","title":{"rendered":"INICIO"},"content":{"rendered":"<p>[et_pb_section fb_built=\u00bb1&#8243; next_background_color=\u00bb#ffffff\u00bb admin_label=\u00bbHeader\u00bb _builder_version=\u00bb4.16&#8243; background_color=\u00bb#efebdc\u00bb background_image=\u00bbhttps:\/\/babyjemascotas.com\/wp-content\/uploads\/2025\/05\/dog-walker-10-3.png\u00bb parallax=\u00bbon\u00bb overflow-x=\u00bbhidden\u00bb overflow-y=\u00bbhidden\u00bb bottom_divider_style=\u00bbwaves\u00bb bottom_divider_height=\u00bb10vw\u00bb bottom_divider_repeat=\u00bb0.7x\u00bb background_last_edited=\u00bboff|desktop\u00bb parallax_tablet=\u00bboff\u00bb global_colors_info=\u00bb{}\u00bb][et_pb_row column_structure=\u00bb3_5,2_5&#8243; _builder_version=\u00bb4.16&#8243; custom_margin_tablet=\u00bb||-10vw||false|false\u00bb custom_margin_phone=\u00bb\u00bb custom_margin_last_edited=\u00bbon|desktop\u00bb global_colors_info=\u00bb{}\u00bb][et_pb_column type=\u00bb3_5&#8243; _builder_version=\u00bb4.16&#8243; custom_padding=\u00bb5vw||\u00bb global_colors_info=\u00bb{}\u00bb][et_pb_text _builder_version=\u00bb4.27.4&#8243; text_font=\u00bb||||||||\u00bb text_font_size=\u00bb24px\u00bb text_line_height=\u00bb1.8em\u00bb header_font=\u00bbAmatic SC|700|||||||\u00bb header_font_size=\u00bb130px\u00bb header_line_height=\u00bb1.2em\u00bb text_font_size_tablet=\u00bb\u00bb text_font_size_phone=\u00bb22px\u00bb text_font_size_last_edited=\u00bbon|desktop\u00bb header_font_size_tablet=\u00bb80px\u00bb header_font_size_phone=\u00bb60px\u00bb header_font_size_last_edited=\u00bbon|phone\u00bb background_color_tablet=\u00bb#efebdc\u00bb background_last_edited=\u00bbon|tablet\u00bb background_enable_color_tablet=\u00bbon\u00bb global_colors_info=\u00bb{}\u00bb]<\/p>\n<h1><span style=\"color: #000000;\">Baby Je<\/span><\/h1>\n<h1><span style=\"color: #000000;\">Mascotas<\/span><\/h1>\n<p><span style=\"color: #000000;\">Solo lo Mejor para Nuestros Mejores Amigos<\/span><\/p>\n<p>[\/et_pb_text][et_pb_button button_url=\u00bbhttps:\/\/babyjemascotas.com\/index.php\/home\/\u00bb button_text=\u00bbComo Funciona\u00bb _builder_version=\u00bb4.27.4&#8243; custom_button=\u00bbon\u00bb button_text_size=\u00bb18px\u00bb button_text_color=\u00bb#FFFFFF\u00bb button_bg_color=\u00bb#000000&#8243; button_border_color=\u00bbrgba(0,0,0,0)\u00bb button_border_radius=\u00bb50px\u00bb button_font=\u00bb|700|||||||\u00bb button_icon=\u00bb&#x24;||divi||400&#8243; background_layout=\u00bbdark\u00bb custom_padding=\u00bb15px|40px|15px|40px|true|true\u00bb box_shadow_style=\u00bbpreset3&#8243; box_shadow_color=\u00bbrgba(238,106,91,0.36)\u00bb global_colors_info=\u00bb{}\u00bb][\/et_pb_button][\/et_pb_column][et_pb_column type=\u00bb2_5&#8243; _builder_version=\u00bb4.16&#8243; global_colors_info=\u00bb{}\u00bb][et_pb_image src=\u00bbhttps:\/\/babyjemascotas.com\/wp-content\/uploads\/2025\/05\/dog-walker-42.jpg\u00bb _builder_version=\u00bb4.16&#8243; transform_scale=\u00bb126%|126%\u00bb transform_scale_tablet=\u00bb\u00bb transform_scale_phone=\u00bb\u00bb transform_scale_last_edited=\u00bbon|desktop\u00bb transform_translate_tablet=\u00bb70%|0px\u00bb transform_translate_phone=\u00bb\u00bb transform_translate_last_edited=\u00bbon|desktop\u00bb transform_translate_linked_tablet=\u00bboff\u00bb transform_rotate=\u00bb0deg|0deg|45deg\u00bb transform_rotate_tablet=\u00bb\u00bb transform_rotate_phone=\u00bb\u00bb transform_rotate_last_edited=\u00bbon|desktop\u00bb transform_skew_tablet=\u00bb\u00bb transform_skew_phone=\u00bb\u00bb transform_skew_last_edited=\u00bbon|desktop\u00bb transform_origin=\u00bb50%|75%\u00bb transform_origin_tablet=\u00bb\u00bb transform_origin_phone=\u00bb\u00bb transform_origin_last_edited=\u00bbon|desktop\u00bb transform_styles_last_edited=\u00bbon|desktop\u00bb max_width_tablet=\u00bb60%\u00bb max_width_phone=\u00bb\u00bb max_width_last_edited=\u00bbon|desktop\u00bb custom_margin=\u00bb-12vw|-15vw||\u00bb custom_margin_tablet=\u00bb||||false|false\u00bb custom_margin_phone=\u00bb\u00bb custom_margin_last_edited=\u00bbon|desktop\u00bb transform_styles_tablet=\u00bb\u00bb transform_styles_phone=\u00bb\u00bb border_radii=\u00bbon|12vw|12vw|12vw|12vw\u00bb border_width_all=\u00bb6vw\u00bb border_color_all=\u00bb#e0dbc9&#8243; box_shadow_style=\u00bbpreset3&#8243; box_shadow_blur=\u00bb10vw\u00bb global_colors_info=\u00bb{}\u00bb][\/et_pb_image][\/et_pb_column][\/et_pb_row][et_pb_row column_structure=\u00bb1_3,1_3,1_3&#8243; _builder_version=\u00bb4.16&#8243; custom_margin=\u00bb||||false|false\u00bb global_colors_info=\u00bb{}\u00bb][et_pb_column type=\u00bb1_3&#8243; _builder_version=\u00bb4.16&#8243; global_colors_info=\u00bb{}\u00bb][\/et_pb_column][et_pb_column type=\u00bb1_3&#8243; _builder_version=\u00bb4.16&#8243; background_color=\u00bb#ee6a5b\u00bb transform_scale_tablet=\u00bb69%|69%\u00bb transform_scale_phone=\u00bb\u00bb transform_scale_last_edited=\u00bbon|desktop\u00bb transform_translate=\u00bb0px|-140px\u00bb transform_translate_tablet=\u00bb\u00bb transform_translate_phone=\u00bb\u00bb transform_translate_last_edited=\u00bbon|desktop\u00bb transform_translate_linked=\u00bboff\u00bb transform_rotate=\u00bb0deg|0deg|45deg\u00bb transform_rotate_tablet=\u00bb\u00bb transform_rotate_phone=\u00bb\u00bb transform_rotate_last_edited=\u00bbon|desktop\u00bb transform_skew_tablet=\u00bb\u00bb transform_skew_phone=\u00bb\u00bb transform_skew_last_edited=\u00bbon|desktop\u00bb transform_origin_tablet=\u00bb\u00bb transform_origin_phone=\u00bb\u00bb transform_origin_last_edited=\u00bbon|desktop\u00bb transform_styles_last_edited=\u00bbon|desktop\u00bb overflow-x=\u00bbvisible\u00bb overflow-y=\u00bbvisible\u00bb custom_padding=\u00bb||90px\u00bb animation_direction=\u00bbbottom\u00bb transform_styles_tablet=\u00bb\u00bb transform_styles_phone=\u00bb\u00bb border_radii=\u00bbon|90px|90px|90px|90px\u00bb box_shadow_style=\u00bbpreset3&#8243; box_shadow_horizontal=\u00bb16px\u00bb box_shadow_vertical=\u00bb16px\u00bb box_shadow_blur=\u00bb48px\u00bb box_shadow_spread=\u00bb-8px\u00bb box_shadow_color=\u00bbrgba(238,106,91,0.61)\u00bb global_colors_info=\u00bb{}\u00bb][et_pb_image src=\u00bbhttps:\/\/babyjemascotas.com\/wp-content\/uploads\/2025\/05\/dog-walker-28.jpg\u00bb _builder_version=\u00bb4.16&#8243; transform_scale_tablet=\u00bb\u00bb transform_scale_phone=\u00bb\u00bb transform_scale_last_edited=\u00bbon|desktop\u00bb transform_translate=\u00bb47px|0px\u00bb transform_translate_tablet=\u00bb\u00bb transform_translate_phone=\u00bb\u00bb transform_translate_last_edited=\u00bbon|desktop\u00bb transform_translate_linked=\u00bboff\u00bb transform_rotate=\u00bb0deg|0deg|-35deg\u00bb transform_rotate_tablet=\u00bb0deg|0deg|0deg\u00bb transform_rotate_phone=\u00bb\u00bb transform_rotate_last_edited=\u00bbon|desktop\u00bb transform_skew_tablet=\u00bb\u00bb transform_skew_phone=\u00bb\u00bb transform_skew_last_edited=\u00bbon|desktop\u00bb transform_origin_tablet=\u00bb\u00bb transform_origin_phone=\u00bb\u00bb transform_origin_last_edited=\u00bbon|desktop\u00bb transform_styles_last_edited=\u00bbon|desktop\u00bb max_width_tablet=\u00bb440px\u00bb max_width_phone=\u00bb\u00bb max_width_last_edited=\u00bbon|desktop\u00bb custom_margin_tablet=\u00bb-30vw||||false|false\u00bb custom_margin_phone=\u00bb\u00bb custom_margin_last_edited=\u00bbon|tablet\u00bb animation_style=\u00bbzoom\u00bb animation_intensity_zoom=\u00bb5%\u00bb transform_styles_tablet=\u00bb\u00bb transform_styles_phone=\u00bb\u00bb border_radii=\u00bbon|110px|110px|110px|110px\u00bb box_shadow_style=\u00bbpreset3&#8243; box_shadow_horizontal=\u00bb26px\u00bb box_shadow_vertical=\u00bb26px\u00bb box_shadow_blur=\u00bb68px\u00bb box_shadow_spread=\u00bb-16px\u00bb global_colors_info=\u00bb{}\u00bb][\/et_pb_image][\/et_pb_column][et_pb_column type=\u00bb1_3&#8243; _builder_version=\u00bb4.16&#8243; custom_padding=\u00bb220px||\u00bb custom_padding_tablet=\u00bb0px||||false|false\u00bb custom_padding_phone=\u00bb\u00bb custom_padding_last_edited=\u00bbon|desktop\u00bb global_colors_info=\u00bb{}\u00bb][\/et_pb_column][\/et_pb_row][\/et_pb_section][et_pb_section fb_built=\u00bb1&#8243; admin_label=\u00bbServices\u00bb _builder_version=\u00bb4.16&#8243; use_background_color_gradient=\u00bbon\u00bb background_color_gradient_stops=\u00bb#ffffff 0%|#faf9f4 100%\u00bb background_color_gradient_start=\u00bb#ffffff\u00bb background_color_gradient_end=\u00bb#faf9f4&#8243; background_image=\u00bbhttps:\/\/babyjemascotas.com\/wp-content\/uploads\/2025\/05\/dog-walker-13.png\u00bb background_size=\u00bbcontain\u00bb background_position=\u00bbbottom_center\u00bb custom_padding=\u00bb||||false|false\u00bb global_colors_info=\u00bb{}\u00bb][et_pb_row column_structure=\u00bb1_2,1_2&#8243; _builder_version=\u00bb4.16&#8243; global_colors_info=\u00bb{}\u00bb][et_pb_column type=\u00bb1_2&#8243; _builder_version=\u00bb4.16&#8243; global_colors_info=\u00bb{}\u00bb][et_pb_image src=\u00bbhttps:\/\/babyjemascotas.com\/wp-content\/uploads\/2025\/05\/descarga-34-Photoroom.png\u00bb title_text=\u00bbdescarga (34)-Photoroom\u00bb _builder_version=\u00bb4.27.4&#8243; max_width_tablet=\u00bb400px\u00bb max_width_phone=\u00bb\u00bb max_width_last_edited=\u00bbon|desktop\u00bb custom_margin=\u00bb-10vw|||-5vw|false|false\u00bb hover_enabled=\u00bb0&#8243; global_colors_info=\u00bb{}\u00bb sticky_enabled=\u00bb0&#8243; custom_padding=\u00bb||72px|||\u00bb][\/et_pb_image][\/et_pb_column][et_pb_column type=\u00bb1_2&#8243; _builder_version=\u00bb4.16&#8243; global_colors_info=\u00bb{}\u00bb][et_pb_text _builder_version=\u00bb4.27.4&#8243; text_font=\u00bb||||||||\u00bb text_font_size=\u00bb16px\u00bb text_line_height=\u00bb1.8em\u00bb header_font=\u00bb||||||||\u00bb header_2_font=\u00bbAmatic SC|700|||||||\u00bb header_2_font_size=\u00bb80px\u00bb header_2_line_height=\u00bb1.2em\u00bb header_3_font=\u00bbAmatic SC|700|||||||\u00bb header_3_text_color=\u00bb#ee6a5b\u00bb header_3_font_size=\u00bb80px\u00bb header_3_line_height=\u00bb1.2em\u00bb header_2_font_size_tablet=\u00bb60px\u00bb header_2_font_size_phone=\u00bb32px\u00bb header_2_font_size_last_edited=\u00bbon|phone\u00bb header_3_font_size_tablet=\u00bb60px\u00bb header_3_font_size_phone=\u00bb32px\u00bb header_3_font_size_last_edited=\u00bbon|phone\u00bb locked=\u00bboff\u00bb global_colors_info=\u00bb{}\u00bb]<\/p>\n<h2>Servicios<\/h2>\n<p>[\/et_pb_text][et_pb_text _builder_version=\u00bb4.27.4&#8243; text_font=\u00bb||||||||\u00bb text_line_height=\u00bb1.8em\u00bb header_font=\u00bb||||||||\u00bb header_3_font=\u00bbAmatic SC|700|||||||\u00bb header_3_font_size=\u00bb40px\u00bb header_3_line_height=\u00bb1.2em\u00bb custom_margin=\u00bb||10px||false|false\u00bb locked=\u00bboff\u00bb global_colors_info=\u00bb{}\u00bb text_text_align_tablet=\u00bbcenter\u00bb text_text_align_last_edited=\u00bbon|tablet\u00bb text_text_align_phone=\u00bbcenter\u00bb]<\/p>\n<h3>QR DE IDENTIFICACI\u00d3N<\/h3>\n<p>QR Est\u00e1tico o Din\u00e1mico para almacenamiento de datos del due\u00f1o asi como toda la informacion basica y control veterinario de la mascota.<\/p>\n<p>[\/et_pb_text][et_pb_text _builder_version=\u00bb4.27.4&#8243; text_font=\u00bb||||||||\u00bb text_line_height=\u00bb1.8em\u00bb header_font=\u00bb||||||||\u00bb header_3_font=\u00bbAmatic SC|700|||||||\u00bb header_3_font_size=\u00bb40px\u00bb header_3_line_height=\u00bb1.2em\u00bb custom_margin=\u00bb||10px||false|false\u00bb locked=\u00bboff\u00bb global_colors_info=\u00bb{}\u00bb text_text_align_tablet=\u00bbcenter\u00bb text_text_align_last_edited=\u00bbon|tablet\u00bb text_text_align_phone=\u00bbcenter\u00bb]<\/p>\n<h3>PLACAS DE IDENTIFICACI\u00d3N<\/h3>\n<p>Ofrecemos diferentes modelos, formas, tama\u00f1os y materiales en placas de identificaci\u00f3n para tus mascotas<\/p>\n<p>[\/et_pb_text][et_pb_text _builder_version=\u00bb4.27.4&#8243; text_font=\u00bb||||||||\u00bb text_line_height=\u00bb1.8em\u00bb header_font=\u00bb||||||||\u00bb header_3_font=\u00bbAmatic SC|700|||||||\u00bb header_3_font_size=\u00bb40px\u00bb header_3_line_height=\u00bb1.2em\u00bb custom_margin=\u00bb||10px||false|false\u00bb locked=\u00bboff\u00bb global_colors_info=\u00bb{}\u00bb text_text_align_tablet=\u00bbcenter\u00bb text_text_align_last_edited=\u00bbon|tablet\u00bb text_text_align_phone=\u00bbcenter\u00bb]<\/p>\n<h3>collares y correas<\/h3>\n<p>Collares y Correas 100% Personalizados<\/p>\n<p>[\/et_pb_text][et_pb_button button_url=\u00bbhttps:\/\/wa.me\/50671009903&#8243; url_new_window=\u00bbon\u00bb button_text=\u00bbSOLICITAR\u00bb _builder_version=\u00bb4.27.4&#8243; custom_button=\u00bbon\u00bb button_text_size=\u00bb18px\u00bb button_bg_color=\u00bb#000000&#8243; button_border_color=\u00bbrgba(0,0,0,0)\u00bb button_border_radius=\u00bb50px\u00bb button_font=\u00bb|700|||||||\u00bb button_icon=\u00bb&#x24;||divi||400&#8243; background_layout=\u00bbdark\u00bb custom_padding=\u00bb15px|40px|15px|40px|true|true\u00bb locked=\u00bboff\u00bb global_colors_info=\u00bb{}\u00bb][\/et_pb_button][\/et_pb_column][\/et_pb_row][\/et_pb_section][et_pb_section fb_built=\u00bb1&#8243; admin_label=\u00bbTestimonials\u00bb _builder_version=\u00bb4.16&#8243; use_background_color_gradient=\u00bbon\u00bb background_color_gradient_stops=\u00bb#faf9f4 0%|#f6f3ea 100%\u00bb background_color_gradient_start=\u00bb#faf9f4&#8243; background_color_gradient_end=\u00bb#f6f3ea\u00bb global_colors_info=\u00bb{}\u00bb][et_pb_row _builder_version=\u00bb4.16&#8243; max_width=\u00bb700px\u00bb locked=\u00bboff\u00bb global_colors_info=\u00bb{}\u00bb][et_pb_column type=\u00bb4_4&#8243; _builder_version=\u00bb4.16&#8243; global_colors_info=\u00bb{}\u00bb][et_pb_text _builder_version=\u00bb4.27.4&#8243; text_font=\u00bb||||||||\u00bb text_font_size=\u00bb16px\u00bb text_line_height=\u00bb1.8em\u00bb header_font=\u00bb||||||||\u00bb header_2_font=\u00bbAmatic SC|700|||||||\u00bb header_2_font_size=\u00bb80px\u00bb header_2_line_height=\u00bb1.2em\u00bb text_orientation=\u00bbcenter\u00bb header_2_font_size_tablet=\u00bb60px\u00bb header_2_font_size_phone=\u00bb32px\u00bb header_2_font_size_last_edited=\u00bbon|phone\u00bb global_colors_info=\u00bb{}\u00bb]<\/p>\n<h2>rese\u00f1as de clientes<\/h2>\n<p>[\/et_pb_text][\/et_pb_column][\/et_pb_row][et_pb_row column_structure=\u00bb1_3,1_3,1_3&#8243; _builder_version=\u00bb4.16&#8243; width_tablet=\u00bb\u00bb width_phone=\u00bb90%\u00bb width_last_edited=\u00bbon|desktop\u00bb global_colors_info=\u00bb{}\u00bb][et_pb_column type=\u00bb1_3&#8243; _builder_version=\u00bb4.16&#8243; background_color=\u00bbrgba(214,202,176,0.25)\u00bb overflow-x=\u00bbvisible\u00bb overflow-y=\u00bbvisible\u00bb border_radii=\u00bbon|40px|40px|40px|40px\u00bb global_colors_info=\u00bb{}\u00bb][et_pb_text _builder_version=\u00bb4.27.4&#8243; text_font=\u00bb||on||||||\u00bb text_font_size=\u00bb18px\u00bb text_line_height=\u00bb1.8em\u00bb background_color=\u00bb#ffffff\u00bb transform_scale_tablet=\u00bb\u00bb transform_scale_phone=\u00bb\u00bb transform_scale_last_edited=\u00bbon|desktop\u00bb transform_translate=\u00bb24px|24px\u00bb transform_translate_tablet=\u00bb\u00bb transform_translate_phone=\u00bb0px|24px\u00bb transform_translate_last_edited=\u00bbon|desktop\u00bb transform_translate_linked_phone=\u00bboff\u00bb transform_rotate_tablet=\u00bb\u00bb transform_rotate_phone=\u00bb\u00bb transform_rotate_last_edited=\u00bbon|desktop\u00bb transform_skew_tablet=\u00bb\u00bb transform_skew_phone=\u00bb\u00bb transform_skew_last_edited=\u00bbon|desktop\u00bb transform_origin_tablet=\u00bb\u00bb transform_origin_phone=\u00bb\u00bb transform_origin_last_edited=\u00bbon|desktop\u00bb transform_styles_last_edited=\u00bbon|desktop\u00bb custom_padding=\u00bb40px|30px|40px|30px|true|true\u00bb transform_styles_tablet=\u00bb\u00bb transform_styles_phone=\u00bb\u00bb border_radii=\u00bbon|16px|16px|16px|16px\u00bb box_shadow_style=\u00bbpreset3&#8243; box_shadow_horizontal=\u00bb26px\u00bb box_shadow_vertical=\u00bb26px\u00bb box_shadow_blur=\u00bb68px\u00bb box_shadow_spread=\u00bb-16px\u00bb global_colors_info=\u00bb{}\u00bb]<\/p>\n<p>\u201cMuy satisfecho con el Qr de identificaci\u00f3n, me ha permitido tener los datos de mi mascota en un solo lugar y accesar a ellos con un solo escaneo, es la mejor opci\u00f3n en cuanto a tag de identificaci\u00f3n sin necesidad de procedimientos invasivos.\u201d<\/p>\n<p>[\/et_pb_text][\/et_pb_column][et_pb_column type=\u00bb1_3&#8243; _builder_version=\u00bb4.16&#8243; background_color=\u00bbrgba(214,202,176,0.25)\u00bb overflow-x=\u00bbvisible\u00bb overflow-y=\u00bbvisible\u00bb border_radii=\u00bbon|40px|40px|40px|40px\u00bb global_colors_info=\u00bb{}\u00bb][et_pb_text _builder_version=\u00bb4.27.4&#8243; text_font=\u00bb||on||||||\u00bb text_font_size=\u00bb18px\u00bb text_line_height=\u00bb1.8em\u00bb background_color=\u00bb#ffffff\u00bb transform_scale_tablet=\u00bb\u00bb transform_scale_phone=\u00bb\u00bb transform_scale_last_edited=\u00bbon|desktop\u00bb transform_translate=\u00bb24px|24px\u00bb transform_translate_tablet=\u00bb\u00bb transform_translate_phone=\u00bb0px|24px\u00bb transform_translate_last_edited=\u00bbon|desktop\u00bb transform_translate_linked_phone=\u00bboff\u00bb transform_rotate_tablet=\u00bb\u00bb transform_rotate_phone=\u00bb\u00bb transform_rotate_last_edited=\u00bbon|desktop\u00bb transform_skew_tablet=\u00bb\u00bb transform_skew_phone=\u00bb\u00bb transform_skew_last_edited=\u00bbon|desktop\u00bb transform_origin_tablet=\u00bb\u00bb transform_origin_phone=\u00bb\u00bb transform_origin_last_edited=\u00bbon|desktop\u00bb transform_styles_last_edited=\u00bbon|desktop\u00bb custom_padding=\u00bb40px|30px|40px|30px|true|true\u00bb transform_styles_tablet=\u00bb\u00bb transform_styles_phone=\u00bb\u00bb border_radii=\u00bbon|16px|16px|16px|16px\u00bb box_shadow_style=\u00bbpreset3&#8243; box_shadow_horizontal=\u00bb26px\u00bb box_shadow_vertical=\u00bb26px\u00bb box_shadow_blur=\u00bb68px\u00bb box_shadow_spread=\u00bb-16px\u00bb global_colors_info=\u00bb{}\u00bb]<\/p>\n<p>\u201cGran variedad de placas y muchas opciones a escoger, todas 100% personalizdas, super feliz con el acabado y la exelente calidad de los materiales pude escoger el dise\u00f1o que queria para mi mascota.\u201d<\/p>\n<p>[\/et_pb_text][\/et_pb_column][et_pb_column type=\u00bb1_3&#8243; _builder_version=\u00bb4.16&#8243; background_color=\u00bbrgba(214,202,176,0.25)\u00bb overflow-x=\u00bbvisible\u00bb overflow-y=\u00bbvisible\u00bb border_radii=\u00bbon|40px|40px|40px|40px\u00bb global_colors_info=\u00bb{}\u00bb][et_pb_text _builder_version=\u00bb4.27.4&#8243; text_font=\u00bb||on||||||\u00bb text_font_size=\u00bb18px\u00bb text_line_height=\u00bb1.8em\u00bb background_color=\u00bb#ffffff\u00bb transform_scale_tablet=\u00bb\u00bb transform_scale_phone=\u00bb\u00bb transform_scale_last_edited=\u00bbon|desktop\u00bb transform_translate=\u00bb24px|24px\u00bb transform_translate_tablet=\u00bb\u00bb transform_translate_phone=\u00bb0px|24px\u00bb transform_translate_last_edited=\u00bbon|desktop\u00bb transform_translate_linked_phone=\u00bboff\u00bb transform_rotate_tablet=\u00bb\u00bb transform_rotate_phone=\u00bb\u00bb transform_rotate_last_edited=\u00bbon|desktop\u00bb transform_skew_tablet=\u00bb\u00bb transform_skew_phone=\u00bb\u00bb transform_skew_last_edited=\u00bbon|desktop\u00bb transform_origin_tablet=\u00bb\u00bb transform_origin_phone=\u00bb\u00bb transform_origin_last_edited=\u00bbon|desktop\u00bb transform_styles_last_edited=\u00bbon|desktop\u00bb custom_padding=\u00bb40px|30px|40px|30px|true|true\u00bb transform_styles_tablet=\u00bb\u00bb transform_styles_phone=\u00bb\u00bb border_radii=\u00bbon|16px|16px|16px|16px\u00bb box_shadow_style=\u00bbpreset3&#8243; box_shadow_horizontal=\u00bb26px\u00bb box_shadow_vertical=\u00bb26px\u00bb box_shadow_blur=\u00bb68px\u00bb box_shadow_spread=\u00bb-16px\u00bb global_colors_info=\u00bb{}\u00bb]<\/p>\n<p>\u201cLos collares y las correas son hermosos, el dise\u00f1o fue el que yo queria, tengo el juego completo de collar correa y plaquita, ahora mi veterinario escanea el codigo y ahi esta el expediente completo de mi mascota, es GENIAL.\u201d<\/p>\n<p>[\/et_pb_text][\/et_pb_column][\/et_pb_row][\/et_pb_section][et_pb_section fb_built=\u00bb1&#8243; admin_label=\u00bbFooter\u00bb _builder_version=\u00bb4.16&#8243; background_color=\u00bb#f6f3ea\u00bb custom_padding=\u00bb||0px|||\u00bb global_colors_info=\u00bb{}\u00bb][et_pb_row column_structure=\u00bb3_5,2_5&#8243; custom_padding_last_edited=\u00bbon|desktop\u00bb _builder_version=\u00bb4.16&#8243; background_color=\u00bb#efebdc\u00bb background_image=\u00bbhttps:\/\/babyjemascotas.com\/wp-content\/uploads\/2025\/05\/dog-walker-11.png\u00bb background_size=\u00bbcontain\u00bb background_position=\u00bbbottom_center\u00bb width=\u00bb90%\u00bb width_tablet=\u00bb95%\u00bb width_phone=\u00bb\u00bb width_last_edited=\u00bbon|desktop\u00bb max_width=\u00bbnone\u00bb module_alignment=\u00bbright\u00bb custom_padding=\u00bb60px|10vw|5vw|40px|false|false\u00bb custom_padding_tablet=\u00bb|40px|||false|false\u00bb custom_padding_phone=\u00bb\u00bb border_radii_tablet=\u00bb|0px|||\u00bb border_radii_last_edited=\u00bboff|tablet\u00bb global_colors_info=\u00bb{}\u00bb][et_pb_column type=\u00bb3_5&#8243; _builder_version=\u00bb4.16&#8243; global_colors_info=\u00bb{}\u00bb][et_pb_image src=\u00bbhttps:\/\/babyjemascotas.com\/wp-content\/uploads\/2025\/05\/cachorros.png\u00bb title_text=\u00bbcachorros\u00bb _builder_version=\u00bb4.27.4&#8243; custom_margin=\u00bb|||-7vw|false|false\u00bb custom_margin_tablet=\u00bb\u00bb custom_margin_phone=\u00bb|||0vw|false|false\u00bb custom_margin_last_edited=\u00bbon|desktop\u00bb animation_style=\u00bbslide\u00bb animation_direction=\u00bbleft\u00bb animation_intensity_slide=\u00bb5%\u00bb border_radii=\u00bbon|10px|10px|10px|10px\u00bb box_shadow_style=\u00bbpreset3&#8243; box_shadow_vertical=\u00bb76px\u00bb box_shadow_blur=\u00bb68px\u00bb box_shadow_spread=\u00bb-28px\u00bb box_shadow_color=\u00bbrgba(0,0,0,0.32)\u00bb global_colors_info=\u00bb{}\u00bb][\/et_pb_image][\/et_pb_column][et_pb_column type=\u00bb2_5&#8243; _builder_version=\u00bb4.16&#8243; global_colors_info=\u00bb{}\u00bb][et_pb_text _builder_version=\u00bb4.27.4&#8243; text_font=\u00bb||||||||\u00bb text_text_color=\u00bb#000000&#8243; text_line_height=\u00bb1.8em\u00bb header_font=\u00bb||||||||\u00bb header_3_font=\u00bbAmatic SC|700|||||||\u00bb header_3_text_color=\u00bb#ee6a5b\u00bb header_3_font_size=\u00bb40px\u00bb header_3_line_height=\u00bb1.2em\u00bb custom_margin=\u00bb60px||\u00bb global_colors_info=\u00bb{}\u00bb]<\/p>\n<h3><span style=\"color: #000000;\">contactanos por whatsapp<\/span><\/h3>\n<p>Nuestros colaboradores estan disponibles para ayudarte en todo el proceso<\/p>\n<p>[\/et_pb_text][et_pb_text _builder_version=\u00bb4.27.4&#8243; text_font=\u00bb||||||||\u00bb text_font_size=\u00bb16px\u00bb text_line_height=\u00bb1.8em\u00bb header_font=\u00bb||||||||\u00bb header_3_font=\u00bb|700||on|||||\u00bb header_3_font_size=\u00bb14px\u00bb header_3_letter_spacing=\u00bb2px\u00bb header_3_line_height=\u00bb1.8em\u00bb link_option_url=\u00bbhttps:\/\/wa.me\/50671009903&#8243; link_option_url_new_window=\u00bbon\u00bb global_colors_info=\u00bb{}\u00bb]<\/p>\n<h3>whatsapp<\/h3>\n<p>(506) 7100-9903<\/p>\n<p>[\/et_pb_text][et_pb_button button_url=\u00bbhttps:\/\/wa.me\/50671009903&#8243; url_new_window=\u00bbon\u00bb button_text=\u00bbWHATSAPP\u00bb _builder_version=\u00bb4.27.4&#8243; _module_preset=\u00bbdefault\u00bb custom_button=\u00bbon\u00bb button_text_color=\u00bb#000000&#8243; global_colors_info=\u00bb{}\u00bb][\/et_pb_button][\/et_pb_column][\/et_pb_row][\/et_pb_section]<\/p>\n","protected":false},"excerpt":{"rendered":"<p>Baby Je Mascotas Solo lo Mejor para Nuestros Mejores AmigosServiciosQR DE IDENTIFICACI\u00d3N QR Est\u00e1tico o Din\u00e1mico para almacenamiento de datos del due\u00f1o asi como toda la informacion basica y control veterinario de la mascota.PLACAS DE IDENTIFICACI\u00d3N Ofrecemos diferentes modelos, formas, tama\u00f1os y materiales en placas de identificaci\u00f3n para tus mascotascollares y correas Collares y Correas [&hellip;]<\/p>\n","protected":false},"author":1,"featured_media":0,"parent":0,"menu_order":0,"comment_status":"closed","ping_status":"closed","template":"","meta":{"_et_pb_use_builder":"on","_et_pb_old_content":"","_et_gb_content_width":"","footnotes":""},"class_list":["post-10","page","type-page","status-publish","hentry"],"_links":{"self":[{"href":"https:\/\/babyjemascotas.com\/index.php\/wp-json\/wp\/v2\/pages\/10","targetHints":{"allow":["GET"]}}],"collection":[{"href":"https:\/\/babyjemascotas.com\/index.php\/wp-json\/wp\/v2\/pages"}],"about":[{"href":"https:\/\/babyjemascotas.com\/index.php\/wp-json\/wp\/v2\/types\/page"}],"author":[{"embeddable":true,"href":"https:\/\/babyjemascotas.com\/index.php\/wp-json\/wp\/v2\/users\/1"}],"replies":[{"embeddable":true,"href":"https:\/\/babyjemascotas.com\/index.php\/wp-json\/wp\/v2\/comments?post=10"}],"version-history":[{"count":20,"href":"https:\/\/babyjemascotas.com\/index.php\/wp-json\/wp\/v2\/pages\/10\/revisions"}],"predecessor-version":[{"id":109,"href":"https:\/\/babyjemascotas.com\/index.php\/wp-json\/wp\/v2\/pages\/10\/revisions\/109"}],"wp:attachment":[{"href":"https:\/\/babyjemascotas.com\/index.php\/wp-json\/wp\/v2\/media?parent=10"}],"curies":[{"name":"wp","href":"https:\/\/api.w.org\/{rel}","templated":true}]}}